{"id":222200302,"date":"2025-07-23T08:40:57","date_gmt":"2025-07-23T08:40:57","guid":{"rendered":"https:\/\/eventko.eu\/product\/night-strike-2024-drift-taxi\/"},"modified":"2025-10-02T16:54:05","modified_gmt":"2025-10-02T16:54:05","slug":"night-strike-2024-drift-taxi","status":"publish","type":"product","link":"https:\/\/eventko.eu\/hr\/proizvod\/night-strike-2024-drift-taxi\/","title":{"rendered":"Night Strike 2025 &#8211; DRIFT TAXI"},"content":{"rendered":"<p><iframe loading=\"lazy\" title=\"STREET DRIFTING With Some Passengers \/\/ Ride-a-Longs in \u010cakovec\" width=\"1080\" height=\"608\" src=\"https:\/\/www.youtube.com\/embed\/JDSfHxuO8qs?feature=oembed\" frameborder=\"0\" allow=\"accelerometer; autoplay; clipboard-write; encrypted-media; gyroscope; picture-in-picture; web-share\" referrerpolicy=\"strict-origin-when-cross-origin\" allowfullscreen><\/iframe><\/p>\n<p>NEZABORAVNA NO\u0106 za sve zaljubljenike u automobile i one koji \u0107e to tek postati!<\/p>\n<p>Predstavljamo vam na\u0161u operaciju: NIGHT STRIKE.<\/p>\n<p>Ove godine \u0107emo po prvi put DRIFT natjecanje rasporediti na sva tri dana (raspored ispod). Osim DRIFT natjecanja, gledatelje \u0107e zabavljati i Show-Off natjecanje &#8220;Game of Drift,&#8221; izlo\u017eba modificiranih automobila, Track Day, After Party i jo\u0161 mnogo toga. Cijeli doga\u0111aj bit \u0107e upotpunjen popratnim programima, hranom i pi\u0107em. Posjetitelji \u0107e imati priliku pristupiti paddocku, susresti se s voza\u010dima i pozdraviti ih, te u\u017eivati u nezaboravnom driftu ili ugodnoj vo\u017enji drift taksijem.<\/p>\n<p><strong><br \/>\n\u2b50PETAK | 3. listopada 2025 <\/strong><strong>| 16:00 &#8211; 23:00<\/strong><\/p>\n<ul>\n<li>Drift tandem treninzi<\/li>\n<li>Drift TOP16 kvalifikacije za subotnju utrku<\/li>\n<li>DRIFT TAXI vo\u017enje<\/li>\n<li>SIMRACING simulatori<\/li>\n<li>DJ<\/li>\n<\/ul>\n<p><strong>\u2b50 SUBOTA | 4. listopada 2025<\/strong><strong>\u00a0| 13:00 &#8211; 24:00<\/strong><\/p>\n<ul>\n<li>Drift tandem treninz<\/li>\n<li>TOP32 drift natjecanje<\/li>\n<li>Izlo\u017eba modificiranih i sportskih automobila<\/li>\n<li>Tuner Grounds natjecanje modificiranih vozila<\/li>\n<li>DRIFT TAXI vo\u017enje<\/li>\n<li>RC utrke<\/li>\n<li>Razne aktivnosti izlaga\u010da<\/li>\n<li>Monster Energy Stunt Show<\/li>\n<li>SIMRACING simulatori<\/li>\n<li>DJ Xenia s gostima<\/li>\n<\/ul>\n<p><strong>\u2b50 NEDJELJA | 5. listopada 2025 | 11:00 &#8211; 19:00<\/strong><\/p>\n<ul>\n<li>Drift tandem treninzi<\/li>\n<li>DRIFT IGRE<\/li>\n<li>JDM okupljanje ljubitelja japanskih automobila<\/li>\n<li>JDM Time Attack<\/li>\n<li>DRIFT TAXI vo\u017enje<\/li>\n<li>Gokart vo\u017enje i natjecanje<\/li>\n<li>SIMRACING simulatori<\/li>\n<li>DJ<\/li>\n<\/ul>\n<p><strong>Za vi\u0161e informacija, posjetite slu\u017ebenu stranicu doga\u0111aja &#8211; <a href=\"https:\/\/nightstrike.driftsquadron.com\/#\" target=\"_blank\" rel=\"noopener\">https:\/\/nightstrike.driftsquadron.com\/<\/a><\/strong><\/p>\n<p>&nbsp;<\/p>\n","protected":false},"excerpt":{"rendered":"<p><strong>\u23f1\ufe0f 3. do 5. 10. 2025<\/strong><br \/>\n<strong>\ud83d\udccd Raceland Kr\u0161ko, Slovenija<br \/>\n\u2705 DRIFT TAXI u pravim trka\u0107im automobilima!<br \/>\n\u2705 Daleko najbolji DRIFT TAXI u regiji!<br \/>\n\ud83c\udf9f\ufe0f Ovo je ulaznica samo za DRIFT TAXI!<br \/>\n<span style=\"color: #ff0000;\">\u26a0\ufe0f DRIFT TAXI VO\u017dNJU VI\u0160E NIJE MOGU\u0106E KUPITI ONLINE. DRIFT TAXI VO\u017dNJU MO\u0106I \u0106ETE KUPITI NA DOGA\u0110AJU PO ISTOJ CIJENI GOTOVINOM \u2013 80 \u20ac<\/span><br \/>\n<\/strong><\/p>\n<p>Za ulazak vam je potrebna redovna ulaznica za doga\u0111aj NIGHT STRIKE 2025! Vo\u017enje \u0107e se odr\u017eavati tijekom svih dana doga\u0111anja!<\/p>\n<p>[button color=\"see-through-2\" hover_text_color_override=\"#fff\" size=\"medium\" url=\"\/hr\/proizvod\/night-strike-2024\/\"\u00a0text=\"Ulaznice za Night Strike \ud83c\udf9f\ufe0f\" color_override=\"#000\"]<strong><br \/>\n<\/strong><br \/>\n\ud83d\udc40 Vi\u0161e informacija na <a href=\"https:\/\/nightstrike.driftsquadron.com\/\" target=\"_blank\" rel=\"noopener\">slu\u017ebenoj stranici<\/a><\/p>\n","protected":false},"author":1,"featured_media":2146,"template":"","meta":[],"product_brand":[],"product_cat":[48,70],"product_tag":[],"class_list":{"0":"post-222200302","1":"product","2":"type-product","3":"status-publish","4":"has-post-thumbnail","6":"product_cat-dogadaj","7":"product_cat-night-strike-hr","9":"first","10":"instock","11":"taxable","12":"shipping-taxable","13":"product-type-variable"},"yoast_head":"<!-- This site is optimized with the Yoast SEO plugin v27.0 - https:\/\/yoast.com\/product\/yoast-seo-wordpress\/ -->\n<title>Night Strike 2025 - DRIFT TAXI - Eventko vstopnice za dogodke<\/title>\n<meta name=\"robots\" content=\"index, follow, max-snippet:-1, max-image-preview:large, max-video-preview:-1\" \/>\n<link rel=\"canonical\" href=\"https:\/\/eventko.eu\/hr\/proizvod\/night-strike-2024-drift-taxi\/\" \/>\n<meta property=\"og:locale\" content=\"hr_HR\" \/>\n<meta property=\"og:type\" content=\"article\" \/>\n<meta property=\"og:title\" content=\"Night Strike 2025 - DRIFT TAXI - Eventko vstopnice za dogodke\" \/>\n<meta property=\"og:description\" content=\"\u23f1\ufe0f 3. do 5. 10. 2025 \ud83d\udccd Raceland Kr\u0161ko, Slovenija \u2705 DRIFT TAXI u pravim trka\u0107im automobilima! \u2705 Daleko najbolji DRIFT TAXI u regiji! \ud83c\udf9f\ufe0f Ovo je ulaznica samo za DRIFT TAXI! \u26a0\ufe0f DRIFT TAXI VO\u017dNJU VI\u0160E NIJE MOGU\u0106E KUPITI ONLINE. DRIFT TAXI VO\u017dNJU MO\u0106I \u0106ETE KUPITI NA DOGA\u0110AJU PO ISTOJ CIJENI GOTOVINOM \u2013 80 \u20ac   Za ulazak vam je potrebna redovna ulaznica za doga\u0111aj NIGHT STRIKE 2025! Vo\u017enje \u0107e se odr\u017eavati tijekom svih dana doga\u0111anja!    \ud83d\udc40 Vi\u0161e informacija na slu\u017ebenoj stranici\" \/>\n<meta property=\"og:url\" content=\"https:\/\/eventko.eu\/hr\/proizvod\/night-strike-2024-drift-taxi\/\" \/>\n<meta property=\"og:site_name\" content=\"Eventko vstopnice za dogodke\" \/>\n<meta property=\"article:modified_time\" content=\"2025-10-02T16:54:05+00:00\" \/>\n<meta property=\"og:image\" content=\"https:\/\/eventko.eu\/wp-content\/uploads\/2023\/02\/3.jpg\" \/>\n\t<meta property=\"og:image:width\" content=\"800\" \/>\n\t<meta property=\"og:image:height\" content=\"1000\" \/>\n\t<meta property=\"og:image:type\" content=\"image\/jpeg\" \/>\n<meta name=\"twitter:card\" content=\"summary_large_image\" \/>\n<meta name=\"twitter:label1\" content=\"Procijenjeno vrijeme \u010ditanja\" \/>\n\t<meta name=\"twitter:data1\" content=\"2 minute\" \/>\n<script type=\"application\/ld+json\" class=\"yoast-schema-graph\">{\"@context\":\"https:\/\/schema.org\",\"@graph\":[{\"@type\":\"WebPage\",\"@id\":\"https:\/\/eventko.eu\/hr\/proizvod\/night-strike-2024-drift-taxi\/\",\"url\":\"https:\/\/eventko.eu\/hr\/proizvod\/night-strike-2024-drift-taxi\/\",\"name\":\"Night Strike 2025 - DRIFT TAXI - Eventko vstopnice za dogodke\",\"isPartOf\":{\"@id\":\"https:\/\/eventko.eu\/#website\"},\"primaryImageOfPage\":{\"@id\":\"https:\/\/eventko.eu\/hr\/proizvod\/night-strike-2024-drift-taxi\/#primaryimage\"},\"image\":{\"@id\":\"https:\/\/eventko.eu\/hr\/proizvod\/night-strike-2024-drift-taxi\/#primaryimage\"},\"thumbnailUrl\":\"https:\/\/eventko.eu\/wp-content\/uploads\/2023\/02\/3.jpg\",\"datePublished\":\"2025-07-23T08:40:57+00:00\",\"dateModified\":\"2025-10-02T16:54:05+00:00\",\"breadcrumb\":{\"@id\":\"https:\/\/eventko.eu\/hr\/proizvod\/night-strike-2024-drift-taxi\/#breadcrumb\"},\"inLanguage\":\"hr\",\"potentialAction\":[{\"@type\":\"ReadAction\",\"target\":[\"https:\/\/eventko.eu\/hr\/proizvod\/night-strike-2024-drift-taxi\/\"]}]},{\"@type\":\"ImageObject\",\"inLanguage\":\"hr\",\"@id\":\"https:\/\/eventko.eu\/hr\/proizvod\/night-strike-2024-drift-taxi\/#primaryimage\",\"url\":\"https:\/\/eventko.eu\/wp-content\/uploads\/2023\/02\/3.jpg\",\"contentUrl\":\"https:\/\/eventko.eu\/wp-content\/uploads\/2023\/02\/3.jpg\",\"width\":800,\"height\":1000},{\"@type\":\"BreadcrumbList\",\"@id\":\"https:\/\/eventko.eu\/hr\/proizvod\/night-strike-2024-drift-taxi\/#breadcrumb\",\"itemListElement\":[{\"@type\":\"ListItem\",\"position\":1,\"name\":\"Home\",\"item\":\"https:\/\/eventko.eu\/hr\/\"},{\"@type\":\"ListItem\",\"position\":2,\"name\":\"Trgovina\",\"item\":\"https:\/\/eventko.eu\/hr\/shop-2\/\"},{\"@type\":\"ListItem\",\"position\":3,\"name\":\"Night Strike 2025 &#8211; DRIFT TAXI\"}]},{\"@type\":\"WebSite\",\"@id\":\"https:\/\/eventko.eu\/#website\",\"url\":\"https:\/\/eventko.eu\/\",\"name\":\"Eventko vstopnice za dogodke\",\"description\":\"Hiter in enostaven nakup vstopnic\",\"publisher\":{\"@id\":\"https:\/\/eventko.eu\/#organization\"},\"potentialAction\":[{\"@type\":\"SearchAction\",\"target\":{\"@type\":\"EntryPoint\",\"urlTemplate\":\"https:\/\/eventko.eu\/?s={search_term_string}\"},\"query-input\":{\"@type\":\"PropertyValueSpecification\",\"valueRequired\":true,\"valueName\":\"search_term_string\"}}],\"inLanguage\":\"hr\"},{\"@type\":\"Organization\",\"@id\":\"https:\/\/eventko.eu\/#organization\",\"name\":\"Eventko vstopnice za dogodke\",\"url\":\"https:\/\/eventko.eu\/\",\"logo\":{\"@type\":\"ImageObject\",\"inLanguage\":\"hr\",\"@id\":\"https:\/\/eventko.eu\/#\/schema\/logo\/image\/\",\"url\":\"https:\/\/eventko.eu\/wp-content\/uploads\/2024\/09\/cropped-favicon-1.png\",\"contentUrl\":\"https:\/\/eventko.eu\/wp-content\/uploads\/2024\/09\/cropped-favicon-1.png\",\"width\":512,\"height\":512,\"caption\":\"Eventko vstopnice za dogodke\"},\"image\":{\"@id\":\"https:\/\/eventko.eu\/#\/schema\/logo\/image\/\"}}]}<\/script>\n<!-- \/ Yoast SEO plugin. -->","yoast_head_json":{"title":"Night Strike 2025 - DRIFT TAXI - Eventko vstopnice za dogodke","robots":{"index":"index","follow":"follow","max-snippet":"max-snippet:-1","max-image-preview":"max-image-preview:large","max-video-preview":"max-video-preview:-1"},"canonical":"https:\/\/eventko.eu\/hr\/proizvod\/night-strike-2024-drift-taxi\/","og_locale":"hr_HR","og_type":"article","og_title":"Night Strike 2025 - DRIFT TAXI - Eventko vstopnice za dogodke","og_description":"\u23f1\ufe0f 3. do 5. 10. 2025 \ud83d\udccd Raceland Kr\u0161ko, Slovenija \u2705 DRIFT TAXI u pravim trka\u0107im automobilima! \u2705 Daleko najbolji DRIFT TAXI u regiji! \ud83c\udf9f\ufe0f Ovo je ulaznica samo za DRIFT TAXI! \u26a0\ufe0f DRIFT TAXI VO\u017dNJU VI\u0160E NIJE MOGU\u0106E KUPITI ONLINE. DRIFT TAXI VO\u017dNJU MO\u0106I \u0106ETE KUPITI NA DOGA\u0110AJU PO ISTOJ CIJENI GOTOVINOM \u2013 80 \u20ac   Za ulazak vam je potrebna redovna ulaznica za doga\u0111aj NIGHT STRIKE 2025! Vo\u017enje \u0107e se odr\u017eavati tijekom svih dana doga\u0111anja!    \ud83d\udc40 Vi\u0161e informacija na slu\u017ebenoj stranici","og_url":"https:\/\/eventko.eu\/hr\/proizvod\/night-strike-2024-drift-taxi\/","og_site_name":"Eventko vstopnice za dogodke","article_modified_time":"2025-10-02T16:54:05+00:00","og_image":[{"width":800,"height":1000,"url":"https:\/\/eventko.eu\/wp-content\/uploads\/2023\/02\/3.jpg","type":"image\/jpeg"}],"twitter_card":"summary_large_image","twitter_misc":{"Procijenjeno vrijeme \u010ditanja":"2 minute"},"schema":{"@context":"https:\/\/schema.org","@graph":[{"@type":"WebPage","@id":"https:\/\/eventko.eu\/hr\/proizvod\/night-strike-2024-drift-taxi\/","url":"https:\/\/eventko.eu\/hr\/proizvod\/night-strike-2024-drift-taxi\/","name":"Night Strike 2025 - DRIFT TAXI - Eventko vstopnice za dogodke","isPartOf":{"@id":"https:\/\/eventko.eu\/#website"},"primaryImageOfPage":{"@id":"https:\/\/eventko.eu\/hr\/proizvod\/night-strike-2024-drift-taxi\/#primaryimage"},"image":{"@id":"https:\/\/eventko.eu\/hr\/proizvod\/night-strike-2024-drift-taxi\/#primaryimage"},"thumbnailUrl":"https:\/\/eventko.eu\/wp-content\/uploads\/2023\/02\/3.jpg","datePublished":"2025-07-23T08:40:57+00:00","dateModified":"2025-10-02T16:54:05+00:00","breadcrumb":{"@id":"https:\/\/eventko.eu\/hr\/proizvod\/night-strike-2024-drift-taxi\/#breadcrumb"},"inLanguage":"hr","potentialAction":[{"@type":"ReadAction","target":["https:\/\/eventko.eu\/hr\/proizvod\/night-strike-2024-drift-taxi\/"]}]},{"@type":"ImageObject","inLanguage":"hr","@id":"https:\/\/eventko.eu\/hr\/proizvod\/night-strike-2024-drift-taxi\/#primaryimage","url":"https:\/\/eventko.eu\/wp-content\/uploads\/2023\/02\/3.jpg","contentUrl":"https:\/\/eventko.eu\/wp-content\/uploads\/2023\/02\/3.jpg","width":800,"height":1000},{"@type":"BreadcrumbList","@id":"https:\/\/eventko.eu\/hr\/proizvod\/night-strike-2024-drift-taxi\/#breadcrumb","itemListElement":[{"@type":"ListItem","position":1,"name":"Home","item":"https:\/\/eventko.eu\/hr\/"},{"@type":"ListItem","position":2,"name":"Trgovina","item":"https:\/\/eventko.eu\/hr\/shop-2\/"},{"@type":"ListItem","position":3,"name":"Night Strike 2025 &#8211; DRIFT TAXI"}]},{"@type":"WebSite","@id":"https:\/\/eventko.eu\/#website","url":"https:\/\/eventko.eu\/","name":"Eventko vstopnice za dogodke","description":"Hiter in enostaven nakup vstopnic","publisher":{"@id":"https:\/\/eventko.eu\/#organization"},"potentialAction":[{"@type":"SearchAction","target":{"@type":"EntryPoint","urlTemplate":"https:\/\/eventko.eu\/?s={search_term_string}"},"query-input":{"@type":"PropertyValueSpecification","valueRequired":true,"valueName":"search_term_string"}}],"inLanguage":"hr"},{"@type":"Organization","@id":"https:\/\/eventko.eu\/#organization","name":"Eventko vstopnice za dogodke","url":"https:\/\/eventko.eu\/","logo":{"@type":"ImageObject","inLanguage":"hr","@id":"https:\/\/eventko.eu\/#\/schema\/logo\/image\/","url":"https:\/\/eventko.eu\/wp-content\/uploads\/2024\/09\/cropped-favicon-1.png","contentUrl":"https:\/\/eventko.eu\/wp-content\/uploads\/2024\/09\/cropped-favicon-1.png","width":512,"height":512,"caption":"Eventko vstopnice za dogodke"},"image":{"@id":"https:\/\/eventko.eu\/#\/schema\/logo\/image\/"}}]}},"_links":{"self":[{"href":"https:\/\/eventko.eu\/hr\/wp-json\/wp\/v2\/product\/222200302","targetHints":{"allow":["GET"]}}],"collection":[{"href":"https:\/\/eventko.eu\/hr\/wp-json\/wp\/v2\/product"}],"about":[{"href":"https:\/\/eventko.eu\/hr\/wp-json\/wp\/v2\/types\/product"}],"author":[{"embeddable":true,"href":"https:\/\/eventko.eu\/hr\/wp-json\/wp\/v2\/users\/1"}],"wp:featuredmedia":[{"embeddable":true,"href":"https:\/\/eventko.eu\/hr\/wp-json\/wp\/v2\/media\/2146"}],"wp:attachment":[{"href":"https:\/\/eventko.eu\/hr\/wp-json\/wp\/v2\/media?parent=222200302"}],"wp:term":[{"taxonomy":"product_brand","embeddable":true,"href":"https:\/\/eventko.eu\/hr\/wp-json\/wp\/v2\/product_brand?post=222200302"},{"taxonomy":"product_cat","embeddable":true,"href":"https:\/\/eventko.eu\/hr\/wp-json\/wp\/v2\/product_cat?post=222200302"},{"taxonomy":"product_tag","embeddable":true,"href":"https:\/\/eventko.eu\/hr\/wp-json\/wp\/v2\/product_tag?post=222200302"}],"curies":[{"name":"wp","href":"https:\/\/api.w.org\/{rel}","templated":true}]}}