{"id":222200286,"date":"2025-07-13T12:55:06","date_gmt":"2025-07-13T12:55:06","guid":{"rendered":"https:\/\/eventko.eu\/product\/night-strike-2024\/"},"modified":"2025-10-04T08:57:17","modified_gmt":"2025-10-04T08:57:17","slug":"night-strike-2024","status":"publish","type":"product","link":"https:\/\/eventko.eu\/hr\/proizvod\/night-strike-2024\/","title":{"rendered":"Night Strike 2025"},"content":{"rendered":"[vc_row type=&#8221;in_container&#8221; full_screen_row_position=&#8221;middle&#8221; column_margin=&#8221;default&#8221; column_direction=&#8221;default&#8221; column_direction_tablet=&#8221;default&#8221; column_direction_phone=&#8221;default&#8221; scene_position=&#8221;center&#8221; text_color=&#8221;dark&#8221; text_align=&#8221;left&#8221; row_border_radius=&#8221;none&#8221; row_border_radius_applies=&#8221;bg&#8221; overflow=&#8221;visible&#8221; overlay_strength=&#8221;0.3&#8243; gradient_direction=&#8221;left_to_right&#8221; shape_divider_position=&#8221;bottom&#8221; bg_image_animation=&#8221;none&#8221;][vc_column column_padding=&#8221;no-extra-padding&#8221; column_padding_tablet=&#8221;inherit&#8221; column_padding_phone=&#8221;inherit&#8221; column_padding_position=&#8221;all&#8221; column_element_direction_desktop=&#8221;default&#8221; column_element_spacing=&#8221;default&#8221; desktop_text_alignment=&#8221;default&#8221; tablet_text_alignment=&#8221;default&#8221; phone_text_alignment=&#8221;default&#8221; background_color_opacity=&#8221;1&#8243; background_hover_color_opacity=&#8221;1&#8243; column_backdrop_filter=&#8221;none&#8221; column_shadow=&#8221;none&#8221; column_border_radius=&#8221;none&#8221; column_link_target=&#8221;_self&#8221; column_position=&#8221;default&#8221; gradient_direction=&#8221;left_to_right&#8221; overlay_strength=&#8221;0.3&#8243; width=&#8221;1\/1&#8243; tablet_width_inherit=&#8221;default&#8221; animation_type=&#8221;default&#8221; bg_image_animation=&#8221;none&#8221; border_type=&#8221;simple&#8221; column_border_width=&#8221;none&#8221; column_border_style=&#8221;solid&#8221;][vc_column_text css=&#8221;&#8221; text_direction=&#8221;default&#8221;]NEZABORAVNA NO\u0106 za sve zaljubljenike u automobile i one koji \u0107e to tek postati!<\/p>\n<p>Predstavljamo vam na\u0161u operaciju: NIGHT STRIKE.<\/p>\n<p>Ove godine \u0107emo po prvi put DRIFT natjecanje rasporediti na sva tri dana (raspored ispod). Osim DRIFT natjecanja, gledatelje \u0107e zabavljati i Show-Off natjecanje &#8220;Game of Drift,&#8221; izlo\u017eba modificiranih automobila, Track Day, After Party i jo\u0161 mnogo toga. Cijeli doga\u0111aj bit \u0107e upotpunjen popratnim programima, hranom i pi\u0107em. Posjetitelji \u0107e imati priliku pristupiti paddocku, susresti se s voza\u010dima i pozdraviti ih, te u\u017eivati u nezaboravnom driftu ili ugodnoj vo\u017enji drift taksijem.<\/p>\n<p><strong><br \/>\n\u2b50PETAK | 3. listopada 2025 | 16:00 &#8211; 23:00<\/strong><\/p>\n<ul>\n<li>Drift tandem treninzi<\/li>\n<li>Drift TOP16 kvalifikacije za subotnju utrku<\/li>\n<li>DRIFT TAXI vo\u017enje<\/li>\n<li>SIMRACING simulatori<\/li>\n<li>DJ<\/li>\n<\/ul>\n<p><strong>\u2b50 SUBOTA | 4. listopada 2025 | 13:00 &#8211; 24:00<\/strong><\/p>\n<ul>\n<li>Drift tandem treninzi<\/li>\n<li>TOP32 drift natjecanje<\/li>\n<li>Izlo\u017eba modificiranih i sportskih automobila<\/li>\n<li>Tuner Grounds natjecanje modificiranih vozila<\/li>\n<li>DRIFT TAXI vo\u017enje<\/li>\n<li>RC utrke<\/li>\n<li>Razne aktivnosti izlaga\u010da<\/li>\n<li>Monster Energy Stunt Show<\/li>\n<li>SIMRACING simulatori<\/li>\n<li>DJ Xenia s gostima<\/li>\n<\/ul>\n<p><strong>\u2b50 NEDJELJA | 5. listopada 2025 | 11:00 &#8211; 19:00<\/strong><\/p>\n<ul>\n<li>Drift tandem treninzi<\/li>\n<li>DRIFT IGRE<\/li>\n<li>JDM okupljanje ljubitelja japanskih automobila<\/li>\n<li>JDM Time Attack<\/li>\n<li>DRIFT TAXI vo\u017enje<\/li>\n<li>Gokart vo\u017enje i natjecanje<\/li>\n<li>SIMRACING simulatori<\/li>\n<li>DJ<\/li>\n<\/ul>\n<p><strong>Za vi\u0161e informacija, posjetite slu\u017ebenu stranicu doga\u0111aja &#8211; <a href=\"https:\/\/nightstrike.driftsquadron.com\/#\" target=\"_blank\" rel=\"noopener\">https:\/\/nightstrike.driftsquadron.com\/<\/a><\/strong>[\/vc_column_text][\/vc_column][\/vc_row]\n","protected":false},"excerpt":{"rendered":"<p><strong>\u23f1\ufe0f 3. do 5. listopada 2025<\/strong><br \/>\n<strong>\ud83d\udccd Raceland Kr\u0161ko, Slovenia<br \/>\n\ud83c\udf9f\ufe0f Jeftinija ulaznica (subota) u pretprodaji!<\/strong><br \/>\n\u2705 Petak: 16:00 &#8211; 23:00 &#8211; <strong>15 \u20ac<\/strong><br \/>\n\u2705 Subota: 13:00 &#8211; 24:00 &#8211; <strong><del>30 \u20ac<\/del> (predprodaja 25 \u20ac)<\/strong><br \/>\n\u2705 Nedjelja: 11:00 &#8211; 19:00 &#8211; <strong>15 \u20ac<br \/>\n\u2705 <\/strong>3-dnevna ulaznica (pet., sub., ned.)<strong> &#8211; 40 \u20ac (samo u pretprodaji)<\/strong><strong><br \/>\n\u2705<\/strong>Drift taxi (posebna ulaznica)<strong> &#8211; 80 \u20ac<\/strong><strong><br \/>\n<\/strong><strong>\ud83d\udc66<\/strong> Djeca do 12 godina imaju besplatan ulaz<br \/>\n<span style=\"color: #ff0000;\"><strong>\u26a0\ufe0f ULAZNICE VI\u0160E NIJE MOGU\u0106E KUPITI U PREDPRODAJI PUTEM INTERNETA. ULAZNICE MO\u017dETE KUPITI NA DOGA\u0110AJU.<\/strong> <\/span><\/p>\n<p>[button color=\"see-through-2\" hover_text_color_override=\"#fff\" size=\"medium\" url=\"\/hr\/proizvod\/night-strike-2024-drift-taxi\/\" text=\"<strong>Ulaznice za DRIFT TAXI \ud83d\ude98\ud83d\udca8<\/strong>\" color_override=\"#000\"]<strong><br \/>\n<\/strong><br \/>\n\ud83d\udc40 Vi\u0161e informacija na <a href=\"https:\/\/nightstrike.driftsquadron.com\/\" target=\"_blank\" rel=\"noopener\">slu\u017ebenoj stranici<\/a><br \/>\n\ud83d\udc40 \u0160to je Drift taxi? <a href=\"https:\/\/www.youtube.com\/watch?v=JDSfHxuO8qs\" target=\"_blank\" rel=\"noopener\">Pogledajte video<\/a><\/p>\n","protected":false},"author":1,"featured_media":222203913,"template":"","meta":[],"product_brand":[],"product_cat":[48,70],"product_tag":[],"class_list":{"0":"post-222200286","1":"product","2":"type-product","3":"status-publish","4":"has-post-thumbnail","6":"product_cat-dogadaj","7":"product_cat-night-strike-hr","9":"first","10":"instock","11":"taxable","12":"shipping-taxable","13":"product-type-variable"},"yoast_head":"<!-- This site is optimized with the Yoast SEO plugin v27.0 - https:\/\/yoast.com\/product\/yoast-seo-wordpress\/ -->\n<title>Night Strike 2025 - Eventko vstopnice za dogodke<\/title>\n<meta name=\"description\" content=\"\u23f1\ufe0f 3. - 5. 10, 2025\ud83d\udccd Raceland Kr\u0161ko, Slovenia\ud83c\udf9f\ufe0f NEZABORAVNA NO\u0106 za sve zaljubljenike u automobile i one koji \u0107e to tek postati!\" \/>\n<meta name=\"robots\" content=\"index, follow, max-snippet:-1, max-image-preview:large, max-video-preview:-1\" \/>\n<link rel=\"canonical\" href=\"https:\/\/eventko.eu\/hr\/proizvod\/night-strike-2024\/\" \/>\n<meta property=\"og:locale\" content=\"hr_HR\" \/>\n<meta property=\"og:type\" content=\"article\" \/>\n<meta property=\"og:title\" content=\"Night Strike 2025 - Eventko vstopnice za dogodke\" \/>\n<meta property=\"og:description\" content=\"\u23f1\ufe0f 3. - 5. 10, 2025\ud83d\udccd Raceland Kr\u0161ko, Slovenia\ud83c\udf9f\ufe0f NEZABORAVNA NO\u0106 za sve zaljubljenike u automobile i one koji \u0107e to tek postati!\" \/>\n<meta property=\"og:url\" content=\"https:\/\/eventko.eu\/hr\/proizvod\/night-strike-2024\/\" \/>\n<meta property=\"og:site_name\" content=\"Eventko vstopnice za dogodke\" \/>\n<meta property=\"article:modified_time\" content=\"2025-10-04T08:57:17+00:00\" \/>\n<meta property=\"og:image\" content=\"https:\/\/eventko.eu\/wp-content\/uploads\/2024\/07\/NightStrike2025_heroimg_angled_4x5.jpg\" \/>\n\t<meta property=\"og:image:width\" content=\"1536\" \/>\n\t<meta property=\"og:image:height\" content=\"1920\" \/>\n\t<meta property=\"og:image:type\" content=\"image\/jpeg\" \/>\n<meta name=\"twitter:card\" content=\"summary_large_image\" \/>\n<meta name=\"twitter:label1\" content=\"Procijenjeno vrijeme \u010ditanja\" \/>\n\t<meta name=\"twitter:data1\" content=\"2 minute\" \/>\n<script type=\"application\/ld+json\" class=\"yoast-schema-graph\">{\"@context\":\"https:\/\/schema.org\",\"@graph\":[{\"@type\":\"WebPage\",\"@id\":\"https:\/\/eventko.eu\/hr\/proizvod\/night-strike-2024\/\",\"url\":\"https:\/\/eventko.eu\/hr\/proizvod\/night-strike-2024\/\",\"name\":\"Night Strike 2025 - Eventko vstopnice za dogodke\",\"isPartOf\":{\"@id\":\"https:\/\/eventko.eu\/#website\"},\"primaryImageOfPage\":{\"@id\":\"https:\/\/eventko.eu\/hr\/proizvod\/night-strike-2024\/#primaryimage\"},\"image\":{\"@id\":\"https:\/\/eventko.eu\/hr\/proizvod\/night-strike-2024\/#primaryimage\"},\"thumbnailUrl\":\"https:\/\/eventko.eu\/wp-content\/uploads\/2024\/07\/NightStrike2025_heroimg_angled_4x5.jpg\",\"datePublished\":\"2025-07-13T12:55:06+00:00\",\"dateModified\":\"2025-10-04T08:57:17+00:00\",\"description\":\"\u23f1\ufe0f 3. - 5. 10, 2025\ud83d\udccd Raceland Kr\u0161ko, Slovenia\ud83c\udf9f\ufe0f NEZABORAVNA NO\u0106 za sve zaljubljenike u automobile i one koji \u0107e to tek postati!\",\"breadcrumb\":{\"@id\":\"https:\/\/eventko.eu\/hr\/proizvod\/night-strike-2024\/#breadcrumb\"},\"inLanguage\":\"hr\",\"potentialAction\":[{\"@type\":\"ReadAction\",\"target\":[\"https:\/\/eventko.eu\/hr\/proizvod\/night-strike-2024\/\"]}]},{\"@type\":\"ImageObject\",\"inLanguage\":\"hr\",\"@id\":\"https:\/\/eventko.eu\/hr\/proizvod\/night-strike-2024\/#primaryimage\",\"url\":\"https:\/\/eventko.eu\/wp-content\/uploads\/2024\/07\/NightStrike2025_heroimg_angled_4x5.jpg\",\"contentUrl\":\"https:\/\/eventko.eu\/wp-content\/uploads\/2024\/07\/NightStrike2025_heroimg_angled_4x5.jpg\",\"width\":1536,\"height\":1920},{\"@type\":\"BreadcrumbList\",\"@id\":\"https:\/\/eventko.eu\/hr\/proizvod\/night-strike-2024\/#breadcrumb\",\"itemListElement\":[{\"@type\":\"ListItem\",\"position\":1,\"name\":\"Home\",\"item\":\"https:\/\/eventko.eu\/hr\/\"},{\"@type\":\"ListItem\",\"position\":2,\"name\":\"Trgovina\",\"item\":\"https:\/\/eventko.eu\/hr\/shop-2\/\"},{\"@type\":\"ListItem\",\"position\":3,\"name\":\"Night Strike 2025\"}]},{\"@type\":\"WebSite\",\"@id\":\"https:\/\/eventko.eu\/#website\",\"url\":\"https:\/\/eventko.eu\/\",\"name\":\"Eventko vstopnice za dogodke\",\"description\":\"Hiter in enostaven nakup vstopnic\",\"publisher\":{\"@id\":\"https:\/\/eventko.eu\/#organization\"},\"potentialAction\":[{\"@type\":\"SearchAction\",\"target\":{\"@type\":\"EntryPoint\",\"urlTemplate\":\"https:\/\/eventko.eu\/?s={search_term_string}\"},\"query-input\":{\"@type\":\"PropertyValueSpecification\",\"valueRequired\":true,\"valueName\":\"search_term_string\"}}],\"inLanguage\":\"hr\"},{\"@type\":\"Organization\",\"@id\":\"https:\/\/eventko.eu\/#organization\",\"name\":\"Eventko vstopnice za dogodke\",\"url\":\"https:\/\/eventko.eu\/\",\"logo\":{\"@type\":\"ImageObject\",\"inLanguage\":\"hr\",\"@id\":\"https:\/\/eventko.eu\/#\/schema\/logo\/image\/\",\"url\":\"https:\/\/eventko.eu\/wp-content\/uploads\/2024\/09\/cropped-favicon-1.png\",\"contentUrl\":\"https:\/\/eventko.eu\/wp-content\/uploads\/2024\/09\/cropped-favicon-1.png\",\"width\":512,\"height\":512,\"caption\":\"Eventko vstopnice za dogodke\"},\"image\":{\"@id\":\"https:\/\/eventko.eu\/#\/schema\/logo\/image\/\"}}]}<\/script>\n<!-- \/ Yoast SEO plugin. -->","yoast_head_json":{"title":"Night Strike 2025 - Eventko vstopnice za dogodke","description":"\u23f1\ufe0f 3. - 5. 10, 2025\ud83d\udccd Raceland Kr\u0161ko, Slovenia\ud83c\udf9f\ufe0f NEZABORAVNA NO\u0106 za sve zaljubljenike u automobile i one koji \u0107e to tek postati!","robots":{"index":"index","follow":"follow","max-snippet":"max-snippet:-1","max-image-preview":"max-image-preview:large","max-video-preview":"max-video-preview:-1"},"canonical":"https:\/\/eventko.eu\/hr\/proizvod\/night-strike-2024\/","og_locale":"hr_HR","og_type":"article","og_title":"Night Strike 2025 - Eventko vstopnice za dogodke","og_description":"\u23f1\ufe0f 3. - 5. 10, 2025\ud83d\udccd Raceland Kr\u0161ko, Slovenia\ud83c\udf9f\ufe0f NEZABORAVNA NO\u0106 za sve zaljubljenike u automobile i one koji \u0107e to tek postati!","og_url":"https:\/\/eventko.eu\/hr\/proizvod\/night-strike-2024\/","og_site_name":"Eventko vstopnice za dogodke","article_modified_time":"2025-10-04T08:57:17+00:00","og_image":[{"width":1536,"height":1920,"url":"https:\/\/eventko.eu\/wp-content\/uploads\/2024\/07\/NightStrike2025_heroimg_angled_4x5.jpg","type":"image\/jpeg"}],"twitter_card":"summary_large_image","twitter_misc":{"Procijenjeno vrijeme \u010ditanja":"2 minute"},"schema":{"@context":"https:\/\/schema.org","@graph":[{"@type":"WebPage","@id":"https:\/\/eventko.eu\/hr\/proizvod\/night-strike-2024\/","url":"https:\/\/eventko.eu\/hr\/proizvod\/night-strike-2024\/","name":"Night Strike 2025 - Eventko vstopnice za dogodke","isPartOf":{"@id":"https:\/\/eventko.eu\/#website"},"primaryImageOfPage":{"@id":"https:\/\/eventko.eu\/hr\/proizvod\/night-strike-2024\/#primaryimage"},"image":{"@id":"https:\/\/eventko.eu\/hr\/proizvod\/night-strike-2024\/#primaryimage"},"thumbnailUrl":"https:\/\/eventko.eu\/wp-content\/uploads\/2024\/07\/NightStrike2025_heroimg_angled_4x5.jpg","datePublished":"2025-07-13T12:55:06+00:00","dateModified":"2025-10-04T08:57:17+00:00","description":"\u23f1\ufe0f 3. - 5. 10, 2025\ud83d\udccd Raceland Kr\u0161ko, Slovenia\ud83c\udf9f\ufe0f NEZABORAVNA NO\u0106 za sve zaljubljenike u automobile i one koji \u0107e to tek postati!","breadcrumb":{"@id":"https:\/\/eventko.eu\/hr\/proizvod\/night-strike-2024\/#breadcrumb"},"inLanguage":"hr","potentialAction":[{"@type":"ReadAction","target":["https:\/\/eventko.eu\/hr\/proizvod\/night-strike-2024\/"]}]},{"@type":"ImageObject","inLanguage":"hr","@id":"https:\/\/eventko.eu\/hr\/proizvod\/night-strike-2024\/#primaryimage","url":"https:\/\/eventko.eu\/wp-content\/uploads\/2024\/07\/NightStrike2025_heroimg_angled_4x5.jpg","contentUrl":"https:\/\/eventko.eu\/wp-content\/uploads\/2024\/07\/NightStrike2025_heroimg_angled_4x5.jpg","width":1536,"height":1920},{"@type":"BreadcrumbList","@id":"https:\/\/eventko.eu\/hr\/proizvod\/night-strike-2024\/#breadcrumb","itemListElement":[{"@type":"ListItem","position":1,"name":"Home","item":"https:\/\/eventko.eu\/hr\/"},{"@type":"ListItem","position":2,"name":"Trgovina","item":"https:\/\/eventko.eu\/hr\/shop-2\/"},{"@type":"ListItem","position":3,"name":"Night Strike 2025"}]},{"@type":"WebSite","@id":"https:\/\/eventko.eu\/#website","url":"https:\/\/eventko.eu\/","name":"Eventko vstopnice za dogodke","description":"Hiter in enostaven nakup vstopnic","publisher":{"@id":"https:\/\/eventko.eu\/#organization"},"potentialAction":[{"@type":"SearchAction","target":{"@type":"EntryPoint","urlTemplate":"https:\/\/eventko.eu\/?s={search_term_string}"},"query-input":{"@type":"PropertyValueSpecification","valueRequired":true,"valueName":"search_term_string"}}],"inLanguage":"hr"},{"@type":"Organization","@id":"https:\/\/eventko.eu\/#organization","name":"Eventko vstopnice za dogodke","url":"https:\/\/eventko.eu\/","logo":{"@type":"ImageObject","inLanguage":"hr","@id":"https:\/\/eventko.eu\/#\/schema\/logo\/image\/","url":"https:\/\/eventko.eu\/wp-content\/uploads\/2024\/09\/cropped-favicon-1.png","contentUrl":"https:\/\/eventko.eu\/wp-content\/uploads\/2024\/09\/cropped-favicon-1.png","width":512,"height":512,"caption":"Eventko vstopnice za dogodke"},"image":{"@id":"https:\/\/eventko.eu\/#\/schema\/logo\/image\/"}}]}},"_links":{"self":[{"href":"https:\/\/eventko.eu\/hr\/wp-json\/wp\/v2\/product\/222200286","targetHints":{"allow":["GET"]}}],"collection":[{"href":"https:\/\/eventko.eu\/hr\/wp-json\/wp\/v2\/product"}],"about":[{"href":"https:\/\/eventko.eu\/hr\/wp-json\/wp\/v2\/types\/product"}],"author":[{"embeddable":true,"href":"https:\/\/eventko.eu\/hr\/wp-json\/wp\/v2\/users\/1"}],"wp:featuredmedia":[{"embeddable":true,"href":"https:\/\/eventko.eu\/hr\/wp-json\/wp\/v2\/media\/222203913"}],"wp:attachment":[{"href":"https:\/\/eventko.eu\/hr\/wp-json\/wp\/v2\/media?parent=222200286"}],"wp:term":[{"taxonomy":"product_brand","embeddable":true,"href":"https:\/\/eventko.eu\/hr\/wp-json\/wp\/v2\/product_brand?post=222200286"},{"taxonomy":"product_cat","embeddable":true,"href":"https:\/\/eventko.eu\/hr\/wp-json\/wp\/v2\/product_cat?post=222200286"},{"taxonomy":"product_tag","embeddable":true,"href":"https:\/\/eventko.eu\/hr\/wp-json\/wp\/v2\/product_tag?post=222200286"}],"curies":[{"name":"wp","href":"https:\/\/api.w.org\/{rel}","templated":true}]}}